{"id":1159,"date":"2025-10-14T21:41:35","date_gmt":"2025-10-14T19:41:35","guid":{"rendered":"https:\/\/spnicwald.gruta.pl\/?page_id=1159"},"modified":"2025-10-14T21:42:57","modified_gmt":"2025-10-14T19:42:57","slug":"1159-2","status":"publish","type":"page","link":"https:\/\/spnicwald.gruta.pl\/?page_id=1159","title":{"rendered":"SK\u0141AD SAMORZ\u0104DU UCZNIOWSKIEGO"},"content":{"rendered":"<p><span style=\"font-family: 'comic sans ms', sans-serif;\"><strong>SAMORZ\u0104D UCZNIOWSKI 2025\/2026<\/strong><\/span><\/p>\n<ul>\n<li><span style=\"font-family: 'comic sans ms', sans-serif;\">PRZEWODNICZ\u0104CA- MAJA KALININ<\/span><\/li>\n<li><span style=\"font-family: 'comic sans ms', sans-serif;\">ZAST\u0118PCA- MAJA EKERT<\/span><\/li>\n<li><span style=\"font-family: 'comic sans ms', sans-serif;\">OPIEKUN SAMORZ\u0104DU- P. MARTA KMIECIK<\/span><\/li>\n<\/ul>\n","protected":false},"excerpt":{"rendered":"<p>SAMORZ\u0104D UCZNIOWSKI 2025\/2026 PRZEWODNICZ\u0104CA- MAJA KALININ ZAST\u0118PCA- MAJA EKERT OPIEKUN SAMORZ\u0104DU- P. MARTA KMIECIK<\/p>\n","protected":false},"author":3,"featured_media":0,"parent":0,"menu_order":0,"comment_status":"closed","ping_status":"closed","template":"","meta":{"site-sidebar-layout":"default","site-content-layout":"default","ast-global-header-display":"","ast-main-header-display":"","ast-hfb-above-header-display":"","ast-hfb-below-header-display":"","ast-hfb-mobile-header-display":"","site-post-title":"","ast-breadcrumbs-content":"","ast-featured-img":"","footer-sml-layout":"","theme-transparent-header-meta":"default","adv-header-id-meta":"","stick-header-meta":"","header-above-stick-meta":"","header-main-stick-meta":"","header-below-stick-meta":"","footnotes":""},"class_list":["post-1159","page","type-page","status-publish","hentry"],"_links":{"self":[{"href":"https:\/\/spnicwald.gruta.pl\/index.php?rest_route=\/wp\/v2\/pages\/1159","targetHints":{"allow":["GET"]}}],"collection":[{"href":"https:\/\/spnicwald.gruta.pl\/index.php?rest_route=\/wp\/v2\/pages"}],"about":[{"href":"https:\/\/spnicwald.gruta.pl\/index.php?rest_route=\/wp\/v2\/types\/page"}],"author":[{"embeddable":true,"href":"https:\/\/spnicwald.gruta.pl\/index.php?rest_route=\/wp\/v2\/users\/3"}],"replies":[{"embeddable":true,"href":"https:\/\/spnicwald.gruta.pl\/index.php?rest_route=%2Fwp%2Fv2%2Fcomments&post=1159"}],"version-history":[{"count":3,"href":"https:\/\/spnicwald.gruta.pl\/index.php?rest_route=\/wp\/v2\/pages\/1159\/revisions"}],"predecessor-version":[{"id":1162,"href":"https:\/\/spnicwald.gruta.pl\/index.php?rest_route=\/wp\/v2\/pages\/1159\/revisions\/1162"}],"wp:attachment":[{"href":"https:\/\/spnicwald.gruta.pl\/index.php?rest_route=%2Fwp%2Fv2%2Fmedia&parent=1159"}],"curies":[{"name":"wp","href":"https:\/\/api.w.org\/{rel}","templated":true}]}}