{"id":149,"date":"2021-06-07T10:36:06","date_gmt":"2021-06-07T08:36:06","guid":{"rendered":"https:\/\/spnicwald.gruta.pl\/?page_id=149"},"modified":"2021-06-07T10:54:07","modified_gmt":"2021-06-07T08:54:07","slug":"dla-nauczycieli","status":"publish","type":"page","link":"https:\/\/spnicwald.gruta.pl\/?page_id=149","title":{"rendered":"DLA NAUCZYCIELI"},"content":{"rendered":"<p><strong>RADA KLASYFIKACYJNA &#8211; DOKUMENTY:\u00a0<\/strong><br \/>\n<a href=\"https:\/\/spnicwald.gruta.pl\/wp-content\/uploads\/2021\/06\/ARKUSZ-KLASYFIKACYJNY-DLA-KLAS-I-1.docx\">ARKUSZ KLASYFIKACYJNY DLA KLAS I (1)<\/a><br \/>\n<a href=\"https:\/\/spnicwald.gruta.pl\/wp-content\/uploads\/2021\/06\/Informacja-nauczyciela-oddzialu-przedszkolnego-1.docx\">Informacja-nauczyciela-oddzia\u0142u-przedszkolnego-1<\/a><br \/>\n<a href=\"https:\/\/spnicwald.gruta.pl\/wp-content\/uploads\/2021\/06\/arkusz-klasyfikacyjny-IV-VIII-\u2014-kopia.docx\">arkusz klasyfikacyjny IV-VIII \u2014 kopia<\/a><br \/>\n<a href=\"https:\/\/spnicwald.gruta.pl\/wp-content\/uploads\/2021\/06\/uzasadnienie-ocen.doc\">uzasadnienie ocen<\/a><\/p>\n<p><strong>RADA PODSUMOWUJ\u0104CA -DOKUMENTY:<\/strong><br \/>\n<a href=\"https:\/\/spnicwald.gruta.pl\/wp-content\/uploads\/2021\/06\/sprawozd_z_pracy_zesp_samoksz.docx\">sprawozdanie_z_pracy_zespo\u0142u_samokszta\u0142ceniowego<\/a><br \/>\n<a href=\"https:\/\/spnicwald.gruta.pl\/wp-content\/uploads\/2021\/06\/sprawozdanie_logopeda1.docx\">sprawozdanie_logopeda<\/a><br \/>\n<a href=\"https:\/\/spnicwald.gruta.pl\/wp-content\/uploads\/2021\/06\/Sprawozdanie-wychowawcy.docx\">sprawozdanie-wychowawcy<\/a><br \/>\n<a href=\"https:\/\/spnicwald.gruta.pl\/wp-content\/uploads\/2021\/06\/Sprawozdanie-wychowawcy-oddzialow-przedszkolnych.docx\">sprawozdanie-wychowawcy-oddzia\u0142\u00f3w-przedszkolnych<\/a><br \/>\n<a href=\"https:\/\/spnicwald.gruta.pl\/wp-content\/uploads\/2021\/06\/Sprawozdanie-z-dzialalnosci-biblioteki-szkolnej.docx\">sprawozdanie-z-dzia\u0142alno\u015bci-biblioteki-szkolnej<\/a><br \/>\n<a href=\"https:\/\/spnicwald.gruta.pl\/wp-content\/uploads\/2021\/06\/Sprawozdanie-z-pracy-nauczyciela-1.docx\">sprawozdanie-z-pracy-nauczyciela<\/a><br \/>\n<a href=\"https:\/\/spnicwald.gruta.pl\/wp-content\/uploads\/2021\/06\/Sprawozdanie-z-pracy-swietlicy-szkolnej.docx\">sprawozdanie-z-pracy-swietlicy-szkolnej<\/a><br \/>\n<a href=\"https:\/\/spnicwald.gruta.pl\/wp-content\/uploads\/2021\/06\/Sprawozdanie-z-pracy-zespolu-wych-profilaktycznego.docx\">sprawozdanie-z-pracy-zespo\u0142u-wych-profilaktycznego<\/a><br \/>\n<a href=\"https:\/\/spnicwald.gruta.pl\/wp-content\/uploads\/2021\/06\/Sprawozdanie-z-realizacji-zajec-pozalekcyjnych-19-20-2.docx\">sprawozdanie-z-realizacji-zaj\u0119\u0107-pozalekcyjnych-19-20<\/a><\/p>\n","protected":false},"excerpt":{"rendered":"<p>RADA KLASYFIKACYJNA &#8211; DOKUMENTY:\u00a0 ARKUSZ KLASYFIKACYJNY DLA KLAS I (1) Informacja-nauczyciela-oddzia\u0142u-przedszkolnego-1 arkusz klasyfikacyjny IV-VIII \u2014 kopia uzasadnienie ocen RADA PODSUMOWUJ\u0104CA -DOKUMENTY: sprawozdanie_z_pracy_zespo\u0142u_samokszta\u0142ceniowego sprawozdanie_logopeda sprawozdanie-wychowawcy sprawozdanie-wychowawcy-oddzia\u0142\u00f3w-przedszkolnych sprawozdanie-z-dzia\u0142alno\u015bci-biblioteki-szkolnej sprawozdanie-z-pracy-nauczyciela sprawozdanie-z-pracy-swietlicy-szkolnej sprawozdanie-z-pracy-zespo\u0142u-wych-profilaktycznego sprawozdanie-z-realizacji-zaj\u0119\u0107-pozalekcyjnych-19-20<\/p>\n","protected":false},"author":2,"featured_media":0,"parent":0,"menu_order":0,"comment_status":"closed","ping_status":"closed","template":"","meta":{"site-sidebar-layout":"default","site-content-layout":"default","ast-global-header-display":"","ast-main-header-display":"","ast-hfb-above-header-display":"","ast-hfb-below-header-display":"","ast-hfb-mobile-header-display":"","site-post-title":"","ast-breadcrumbs-content":"","ast-featured-img":"","footer-sml-layout":"","theme-transparent-header-meta":"","adv-header-id-meta":"","stick-header-meta":"","header-above-stick-meta":"","header-main-stick-meta":"","header-below-stick-meta":"","footnotes":""},"class_list":["post-149","page","type-page","status-publish","hentry"],"_links":{"self":[{"href":"https:\/\/spnicwald.gruta.pl\/index.php?rest_route=\/wp\/v2\/pages\/149","targetHints":{"allow":["GET"]}}],"collection":[{"href":"https:\/\/spnicwald.gruta.pl\/index.php?rest_route=\/wp\/v2\/pages"}],"about":[{"href":"https:\/\/spnicwald.gruta.pl\/index.php?rest_route=\/wp\/v2\/types\/page"}],"author":[{"embeddable":true,"href":"https:\/\/spnicwald.gruta.pl\/index.php?rest_route=\/wp\/v2\/users\/2"}],"replies":[{"embeddable":true,"href":"https:\/\/spnicwald.gruta.pl\/index.php?rest_route=%2Fwp%2Fv2%2Fcomments&post=149"}],"version-history":[{"count":3,"href":"https:\/\/spnicwald.gruta.pl\/index.php?rest_route=\/wp\/v2\/pages\/149\/revisions"}],"predecessor-version":[{"id":166,"href":"https:\/\/spnicwald.gruta.pl\/index.php?rest_route=\/wp\/v2\/pages\/149\/revisions\/166"}],"wp:attachment":[{"href":"https:\/\/spnicwald.gruta.pl\/index.php?rest_route=%2Fwp%2Fv2%2Fmedia&parent=149"}],"curies":[{"name":"wp","href":"https:\/\/api.w.org\/{rel}","templated":true}]}}