{"id":34,"date":"2021-02-24T11:03:54","date_gmt":"2021-02-24T10:03:54","guid":{"rendered":"http:\/\/spnicwald.gruta.pl\/?page_id=34"},"modified":"2025-09-04T15:13:26","modified_gmt":"2025-09-04T13:13:26","slug":"programy-nauczania","status":"publish","type":"page","link":"https:\/\/spnicwald.gruta.pl\/?page_id=34","title":{"rendered":"ZESTAW PODR\u0118CZNIK\u00d3W ROK SZKOLNY 2025\/2026"},"content":{"rendered":"<p style=\"text-align: center;\"><strong><u>SZKOLNY ZESTAW PODR\u0118CZNIK\u00d3W- SZKO\u0141A PODSTAWOWA <\/u><\/strong><\/p>\n<p style=\"text-align: center;\"><strong><u>W NICWA\u0141DZIE<\/u><\/strong><\/p>\n<p style=\"text-align: center;\"><strong><u>ROK SZKOLNY 2025\/2026<\/u><\/strong><\/p>\n<p>&nbsp;<\/p>\n<p><strong><u>Zestaw podr\u0119cznik\u00f3w dla oddzia\u0142u przedszkolnego<\/u><\/strong><\/p>\n<table>\n<tbody>\n<tr>\n<td><strong>Przedmiot<\/strong><\/td>\n<td><strong>Tytu\u0142<\/strong><\/td>\n<td><strong>Autor<\/strong><\/td>\n<td><strong>Wydawnictwo<\/strong><\/td>\n<td><strong>Numer dopuszczenia<\/strong><\/td>\n<\/tr>\n<tr>\n<td rowspan=\"2\">Wychowanie przedszkolne<\/td>\n<td>Grupa I \u201ePszcz\u00f3\u0142ki\u201d \u201eNasza bajka\u201d poziom B oraz B+<\/p>\n<p>&nbsp;<\/p>\n<p>&nbsp;<\/td>\n<td>A.Bana\u015b<\/p>\n<p>W. \u017baba- \u017babi\u0144ska<\/p>\n<p>J.Piotrowska<\/td>\n<td>MAC<\/td>\n<td><\/td>\n<\/tr>\n<tr>\n<td>Grupa II \u201eBiedronki\u201d<\/p>\n<p>\u201eKolorowe karty\u201d poziom A+<\/p>\n<p>&nbsp;<\/td>\n<td>A.Bana\u015b<\/p>\n<p>W. \u017baba- \u017babi\u0144ska<\/p>\n<p>K.Cebula<\/p>\n<p>M.Malecha<\/p>\n<p>M.Marzec<\/p>\n<p>J.Piotrowska<\/td>\n<td>MAC<\/td>\n<td><\/td>\n<\/tr>\n<\/tbody>\n<\/table>\n<p><strong><u>\u00a0<\/u><\/strong><\/p>\n<p><strong><u>Zestaw podr\u0119cznik\u00f3w dla klasy I<\/u><\/strong><\/p>\n<table>\n<tbody>\n<tr>\n<td width=\"184\"><strong>Przedmiot<\/strong><\/td>\n<td width=\"184\"><strong>Tytu\u0142<\/strong><\/td>\n<td width=\"184\"><strong>Autor<\/strong><\/td>\n<td width=\"184\"><strong>Wydawnictwo<\/strong><\/td>\n<td width=\"184\"><strong>Numer dopuszczenia<\/strong><\/td>\n<\/tr>\n<tr>\n<td width=\"184\">Edukacja wczesnoszkolna<\/td>\n<td width=\"184\">\u201eWielka przygoda NEON\u201d<\/td>\n<td width=\"184\">E.Kacprzak<\/p>\n<p>A.\u0141adzi\u0144ska<\/td>\n<td width=\"184\">Nowa Era<\/td>\n<td width=\"184\">1088\/1\/2020<\/td>\n<\/tr>\n<tr>\n<td width=\"184\">J\u0119zyk angielski<\/td>\n<td width=\"184\">\u201eKids can! 1\u201d<\/p>\n<p>&nbsp;<\/td>\n<td width=\"184\">D. Shaw<\/p>\n<p>M.Ormerod\u00a0\u00a0\u00a0\u00a0\u00a0\u00a0\u00a0\u00a0 A. Parr-Modrzejewska\u00a0\u00a0 E. Piotrowska<\/td>\n<td width=\"184\">Macmillan<\/td>\n<td width=\"184\">1165\/1\/2023<\/td>\n<\/tr>\n<tr>\n<td width=\"184\">Religia<\/td>\n<td width=\"184\">\u201ePan B\u00f3g jest naszym Ojcem\u201d\u00a0\u00a0\u00a0\u00a0 ( dwie cz\u0119\u015bci)<\/td>\n<td width=\"184\">ks. dr Pawe\u0142 P\u0142aczek<\/td>\n<td width=\"184\">\u015aw. Wojciech<\/td>\n<td width=\"184\">AZ-11-01\/18-PO-1\/20<\/td>\n<\/tr>\n<\/tbody>\n<\/table>\n<table width=\"735\">\n<tbody>\n<tr>\n<td width=\"184\"><\/td>\n<td width=\"183\"><\/td>\n<td width=\"184\"><\/td>\n<td width=\"185\"><\/td>\n<\/tr>\n<\/tbody>\n<\/table>\n<p>&nbsp;<\/p>\n<p><strong><u>Zestaw podr\u0119cznik\u00f3w dla klasy II<\/u><\/strong><\/p>\n<table>\n<tbody>\n<tr>\n<td><strong>Przedmiot<\/strong><\/td>\n<td><strong>Tytu\u0142<\/strong><\/td>\n<td><strong>Autor<\/strong><\/td>\n<td><strong>Wydawnictwo<\/strong><\/td>\n<td><strong>Numer dopuszczenia<\/strong><\/td>\n<\/tr>\n<tr>\n<td>Edukacja wczesnoszkolna<\/td>\n<td>\u201eWielka przygoda NEON\u201d<\/td>\n<td>E.Kacprzak<\/p>\n<p>A.\u0141adzi\u0144ska<\/td>\n<td>Nowa Era<\/td>\n<td>1088\/3\/2021<\/td>\n<\/tr>\n<tr>\n<td>J\u0119zyk angielski<\/td>\n<td>\u201eKids Can! 2\u201d<\/p>\n<p>&nbsp;<\/td>\n<td>D. Shaw\u00a0\u00a0\u00a0\u00a0\u00a0\u00a0\u00a0\u00a0\u00a0\u00a0\u00a0\u00a0\u00a0\u00a0\u00a0\u00a0\u00a0\u00a0\u00a0\u00a0\u00a0\u00a0\u00a0 M.Ormerod\u00a0\u00a0\u00a0\u00a0\u00a0\u00a0\u00a0\u00a0\u00a0\u00a0\u00a0\u00a0\u00a0\u00a0\u00a0\u00a0\u00a0\u00a0\u00a0\u00a0\u00a0 A. Parr-Modrzejewska\u00a0\u00a0\u00a0\u00a0\u00a0\u00a0\u00a0\u00a0\u00a0\u00a0 E. Piotrowska<\/td>\n<td>Macmillan<\/td>\n<td>1165\/2\/2024<\/td>\n<\/tr>\n<tr>\n<td>Religia<\/td>\n<td><em>\u201e<\/em>Chcemy pozna\u0107 Pana Jezusa\u201d<\/p>\n<p>(dwie cz\u0119\u015bci)\u201d<\/td>\n<td>ks. dr Pawe\u0142 P\u0142aczek<\/td>\n<td>\u015aw.Wojciech<\/td>\n<td>AZ-12-01\/18-PO-1\/21<\/td>\n<\/tr>\n<\/tbody>\n<\/table>\n<p><strong>\u00a0<\/strong><\/p>\n<p><strong><u>Zestaw podr\u0119cznik\u00f3w dla klasy III<\/u><\/strong><\/p>\n<table>\n<tbody>\n<tr>\n<td><strong>Przedmiot<\/strong><\/td>\n<td><strong>Tytu\u0142<\/strong><\/td>\n<td><strong>Autor<\/strong><\/td>\n<td><strong>Wydawnictwo<\/strong><\/td>\n<td><strong>Numer dopuszczenia<\/strong><\/td>\n<\/tr>\n<tr>\n<td>Edukacja wczesnoszkolna<\/td>\n<td>\u201eWielka przygoda NEON\u201d<\/td>\n<td>E.Kacprzak<\/p>\n<p>A.\u0141adzi\u0144ska<\/td>\n<td>Nowa Era<\/td>\n<td>1088\/3\/2021<\/td>\n<\/tr>\n<tr>\n<td>J\u0119zyk angielski<\/td>\n<td>\u201eKids Can! 3\u201d<\/td>\n<td>D. Shaw\u00a0\u00a0\u00a0\u00a0\u00a0\u00a0\u00a0\u00a0\u00a0\u00a0\u00a0\u00a0\u00a0\u00a0\u00a0\u00a0\u00a0\u00a0\u00a0\u00a0\u00a0\u00a0\u00a0 M.Ormerod\u00a0\u00a0\u00a0\u00a0\u00a0\u00a0\u00a0\u00a0\u00a0\u00a0\u00a0\u00a0\u00a0\u00a0\u00a0\u00a0\u00a0\u00a0\u00a0\u00a0\u00a0 A. Parr-Modrzejewska\u00a0\u00a0\u00a0\u00a0\u00a0\u00a0\u00a0\u00a0\u00a0\u00a0 E. Piotrowska<\/td>\n<td>Macmillan<\/td>\n<td>1165\/3\/2025<\/p>\n<p>&nbsp;<\/td>\n<\/tr>\n<tr>\n<td>Religia<\/td>\n<td>\u201ePan Jezus nas karmi\u201d<\/td>\n<td>ks. dr Pawe\u0142 P\u0142aczek<\/td>\n<td>\u015aw. Wojciech<\/td>\n<td>AZ-13-01\/18-PO-1\/22<\/td>\n<\/tr>\n<\/tbody>\n<\/table>\n<p>&nbsp;<\/p>\n<p><strong><u>Zestaw podr\u0119cznik\u00f3w dla klasy IV<\/u><\/strong><\/p>\n<table>\n<tbody>\n<tr>\n<td width=\"153\"><strong>Przedmiot<\/strong><\/td>\n<td width=\"270\"><strong>Tytu\u0142<\/strong><\/td>\n<td width=\"168\"><strong>Autor<\/strong><\/td>\n<td width=\"158\"><strong>Wydawnictwo<\/strong><\/td>\n<td width=\"181\"><strong>Numer dopuszczenia<\/strong><\/td>\n<\/tr>\n<tr>\n<td width=\"153\">J\u0119zyk polski<\/td>\n<td width=\"270\">\u201eNowe s\u0142owa na start\u201d<\/td>\n<td width=\"168\">A.Klimowicz<\/td>\n<td width=\"158\">Nowa Era<\/td>\n<td width=\"181\">907\/1\/2017<\/td>\n<\/tr>\n<tr>\n<td width=\"153\">J\u0119zyk angielski<\/td>\n<td width=\"270\">\u201eBrainy\u201d<\/td>\n<td width=\"168\">N.Beare<\/td>\n<td width=\"158\">Macmillan<\/td>\n<td width=\"181\">\n<table>\n<tbody>\n<tr>\n<td width=\"216\">831\/1\/2017<\/td>\n<td width=\"11\"><\/td>\n<\/tr>\n<\/tbody>\n<\/table>\n<\/td>\n<\/tr>\n<tr>\n<td width=\"153\">Historia<\/td>\n<td width=\"270\">\u201eWczoraj i dzi\u015b\u201d<\/td>\n<td width=\"168\">B.Olszewska<\/p>\n<p>W.Sudyk \u2013 Fertsch<\/p>\n<p>G.Wojciechowski<\/td>\n<td width=\"158\">Nowa Era<\/td>\n<td width=\"181\">877\/1\/2017<\/td>\n<\/tr>\n<tr>\n<td width=\"153\">Matematyka<\/td>\n<td width=\"270\">\u201eMatematyka\u00a0\u00a0\u00a0\u00a0\u00a0\u00a0\u00a0\u00a0\u00a0\u00a0\u00a0\u00a0\u00a0\u00a0\u00a0\u00a0\u00a0\u00a0\u00a0\u00a0\u00a0\u00a0\u00a0\u00a0\u00a0\u00a0 \u00a0\u00a0z kluczem 4\u201d- cz\u0119\u015b\u0107 1 i 2 + zeszyt \u0107wicze\u0144<\/td>\n<td width=\"168\">M.Braun<\/p>\n<p>A.Ma\u0144kowska<\/td>\n<td width=\"158\">Nowa Era<\/td>\n<td width=\"181\">875\/1\/2017<\/td>\n<\/tr>\n<tr>\n<td width=\"153\">Przyroda<\/td>\n<td width=\"270\">\u201eTajemnice przyrody 4\u201d<\/td>\n<td width=\"168\">M.Stawarz<\/p>\n<p>F.Szlajfer<\/td>\n<td width=\"158\">Nowa Era<\/td>\n<td width=\"181\">863\/2019\/z1<\/td>\n<\/tr>\n<tr>\n<td width=\"153\">Plastyka<\/td>\n<td width=\"270\">\u201eDo dzie\u0142a\u201d<\/td>\n<td width=\"168\">J.Lukas<\/td>\n<td width=\"158\">Nowa Era<\/td>\n<td width=\"181\">903\/1\/2017<\/td>\n<\/tr>\n<tr>\n<td width=\"153\">Technika<\/td>\n<td width=\"270\">\u201eJak to dzia\u0142a\u201d<\/td>\n<td width=\"168\">M.\u0141abecki<\/td>\n<td width=\"158\">Nowa Era<\/td>\n<td width=\"181\">295\/1\/2017<\/td>\n<\/tr>\n<tr>\n<td width=\"153\">Muzyka<\/td>\n<td width=\"270\">\u201eLekcja muzyki\u201d<\/td>\n<td width=\"168\">M.Gromek<\/p>\n<p>G.Kilbach<\/td>\n<td width=\"158\">Nowa Era<\/td>\n<td width=\"181\">852\/1\/2017<\/td>\n<\/tr>\n<tr>\n<td width=\"153\">Informatyka<\/td>\n<td width=\"270\">\u201eLubi\u0119 to 4\u201d<\/p>\n<p>&nbsp;<\/td>\n<td width=\"168\">M.K\u0119ska<\/td>\n<td width=\"158\">Nowa Era<\/td>\n<td width=\"181\">847\/1\/2017<\/td>\n<\/tr>\n<tr>\n<td width=\"153\">Religia<\/td>\n<td width=\"270\">\u201ePan Jezus jest naszym \u017cyciem\u201d ( dwie cz\u0119\u015bci)<\/td>\n<td width=\"168\">Ks. dr Pawe\u0142 P\u0142aczek<\/td>\n<td width=\"158\">\u015aw.Wojciech<\/td>\n<td width=\"181\">AZ-14-01\/18-PO-6\/23<\/td>\n<\/tr>\n<\/tbody>\n<\/table>\n<p>&nbsp;<\/p>\n<p>&nbsp;<\/p>\n<p><strong><u>Zestaw podr\u0119cznik\u00f3w dla klasy V<\/u><\/strong><\/p>\n<table>\n<tbody>\n<tr>\n<td><strong>Przedmiot<\/strong><\/td>\n<td><strong>Tytu\u0142<\/strong><\/td>\n<td><strong>Autor<\/strong><\/td>\n<td><strong>Wydawnictwo<\/strong><\/td>\n<td><strong>Numer dopuszczenia<\/strong><\/td>\n<\/tr>\n<tr>\n<td>J\u0119zyk polski<\/td>\n<td>\u201eNowe s\u0142owa na start\u201d \u2013 Nowa edycja 2021-2023<\/td>\n<td>M.Derlukiewicz<\/p>\n<p>A.Klimowicz<\/td>\n<td>Nowa Era<\/td>\n<td>907\/2\/2018<\/td>\n<\/tr>\n<tr>\n<td>J\u0119zyk angielski<\/td>\n<td>\u201eBrainy\u201d \u2013 klasa 5<\/td>\n<td>N.Beare<\/td>\n<td>Macmillan<\/td>\n<td>831\/2\/2018<\/td>\n<\/tr>\n<tr>\n<td>Historia<\/td>\n<td>\u201eWczoraj i dzi\u015b\u201d -Nowa Edycja 2021\/2023<\/td>\n<td>G.Wojciechowski<\/td>\n<td>Nowa Era<\/td>\n<td>877\/3\/2019<\/td>\n<\/tr>\n<tr>\n<td>Matematyka<\/td>\n<td>\u201eMatematyka\u00a0\u00a0\u00a0\u00a0\u00a0\u00a0\u00a0\u00a0\u00a0\u00a0\u00a0\u00a0\u00a0\u00a0\u00a0\u00a0 \u00a0z kluczem 5\u201dcz\u0119\u015b\u0107 1 i 2<\/td>\n<td>M.Braun<\/p>\n<p>A.Ma\u0144kowska<\/td>\n<td>Nowa Era<\/td>\n<td>875\/2\/2018<\/td>\n<\/tr>\n<tr>\n<td>Biologia<\/td>\n<td>\u201ePuls \u017cycia\u201d<\/td>\n<td>M.S\u0119ktas<\/p>\n<p>J.Stawarz<\/td>\n<td>Nowa Era<\/td>\n<td>844\/1\/2018<\/td>\n<\/tr>\n<tr>\n<td>Geografia<\/td>\n<td>\u201ePlaneta Nowa\u201d \u2013 Nowa Edycja 2021-2023<\/td>\n<td>T.Malarz<\/p>\n<p>T.Rachwa\u0142<\/p>\n<p>F.Szlajfer<\/p>\n<p>Z.Zaniewicz<\/td>\n<td>Nowa Era<\/td>\n<td>906\/1\/2018<\/td>\n<\/tr>\n<tr>\n<td>Plastyka<\/td>\n<td>\u201eDo dzie\u0142a\u201d<\/td>\n<td>J.Lukas<\/td>\n<td>Nowa Era<\/td>\n<td>903\/2\/2018<\/td>\n<\/tr>\n<tr>\n<td>Technika<\/td>\n<td>\u201eJak to dzia\u0142a\u201d<\/td>\n<td>M.\u0141abecki<\/td>\n<td>Nowa Era<\/td>\n<td>295\/2\/2018<\/td>\n<\/tr>\n<tr>\n<td>Muzyka<\/td>\n<td>\u201eLekcja muzyki\u201d<\/td>\n<td>M.Gromek<\/p>\n<p>G.Kilbach<\/td>\n<td>Nowa Era<\/td>\n<td>852\/2\/2018<\/td>\n<\/tr>\n<tr>\n<td>Informatyka<\/td>\n<td>\u201eLubi\u0119 to\u201d<\/td>\n<td>M.K\u0119ska<\/td>\n<td>Nowa Era<\/td>\n<td>847\/2\/2018<\/td>\n<\/tr>\n<tr>\n<td>Religia<\/td>\n<td>\u201eB\u00f3g szuka cz\u0142owieka\u201d (dwie cz\u0119\u015bci)<\/td>\n<td>B.Zawi\u015blak<\/p>\n<p>ks. doktor M.Wojtasik<\/td>\n<td>\u015aw. Wojciech<\/td>\n<td>AZ-21-01\/18-PO-2\/20<\/td>\n<\/tr>\n<\/tbody>\n<\/table>\n<p>&nbsp;<\/p>\n<p><strong><u>Zestaw podr\u0119cznik\u00f3w dla klasy VI<\/u><\/strong><\/p>\n<table>\n<tbody>\n<tr>\n<td><strong>Przedmiot<\/strong><\/td>\n<td><strong>Tytu\u0142<\/strong><\/td>\n<td><strong>Autor<\/strong><\/td>\n<td><strong>Wydawnictwo<\/strong><\/td>\n<td><strong>Numer dopuszczenia<\/strong><\/td>\n<\/tr>\n<tr>\n<td>J\u0119zyk polski<\/td>\n<td>\u201eNowe s\u0142owa na start NEON\u201d<\/td>\n<td>A.\u00a0\u00a0\u00a0 Klimowicz\u00a0\u00a0\u00a0\u00a0\u00a0\u00a0\u00a0\u00a0\u00a0\u00a0\u00a0\u00a0\u00a0\u00a0\u00a0\u00a0\u00a0\u00a0 M. Derlukiewicz<\/td>\n<td>Nowa Era<\/td>\n<td>907\/3\/2019<\/td>\n<\/tr>\n<tr>\n<td>J\u0119zyk angielski<\/td>\n<td>\u201eTogether\u201d<\/td>\n<td>Gill Holley<\/td>\n<td>Macmillan<\/td>\n<td>1175\/3\/2025<\/td>\n<\/tr>\n<tr>\n<td>Historia<\/td>\n<td>\u201eWczoraj i dzi\u015b NEON\u201d<\/td>\n<td>B. Olszewska\u00a0\u00a0\u00a0\u00a0\u00a0\u00a0\u00a0\u00a0\u00a0\u00a0\u00a0\u00a0\u00a0\u00a0\u00a0\u00a0\u00a0\u00a0\u00a0\u00a0\u00a0\u00a0\u00a0 W. Sudryk-Fertsch,\u00a0\u00a0\u00a0\u00a0\u00a0\u00a0\u00a0\u00a0\u00a0\u00a0 G. Wojciechowski<\/td>\n<td>Nowa Era<\/td>\n<td>877\/3\/2019<\/td>\n<\/tr>\n<tr>\n<td>Matematyka<\/td>\n<td>\u201eMatematyka<\/p>\n<p>z kluczem NEON\u201d cz\u0119\u015b\u0107 1 i 2<\/td>\n<td>M.Braun<\/p>\n<p>A.Ma\u0144kowska M. Paszy\u0144ska<\/td>\n<td>Nowa Era<\/td>\n<td>875\/3\/2019<\/td>\n<\/tr>\n<tr>\n<td>Biologia<\/td>\n<td>\u201ePuls \u017cycia NEON\u201d<\/td>\n<td>J.Stawarz<\/td>\n<td>Nowa Era<\/td>\n<td>844\/2\/2019<\/td>\n<\/tr>\n<tr>\n<td>Geografia<\/td>\n<td>\u201ePlaneta Nowa NEON\u201d<\/td>\n<td>R.Malarz<\/p>\n<p>T.Rachwa\u0142\u00a0\u00a0\u00a0\u00a0\u00a0\u00a0\u00a0\u00a0\u00a0\u00a0\u00a0\u00a0 D.Szczypi\u0144ski<\/td>\n<td>Nowa Era<\/td>\n<td>906\/2\/2025\/z1<\/td>\n<\/tr>\n<tr>\n<td>Plastyka<\/td>\n<td>\u201eDo dzie\u0142a NEON\u201d<\/td>\n<td>J.Lukas<\/p>\n<p>K. Onak-Ossowska<\/td>\n<td>Nowa Era<\/td>\n<td>903\/3\/2018<\/td>\n<\/tr>\n<tr>\n<td>Technika<\/td>\n<td>\u201eJak to dzia\u0142a NEON\u201d<\/td>\n<td>M.\u0141abecki<\/p>\n<p>M. \u0141abecka<\/td>\n<td>Nowa Era<\/td>\n<td>1195\/3\/2025<\/td>\n<\/tr>\n<tr>\n<td>Muzyka<\/td>\n<td>\u201eLekcja muzyki NEON\u201d<\/td>\n<td>M.Gromek<\/p>\n<p>G.Kilbach<\/td>\n<td>Nowa Era<\/td>\n<td>852\/3\/2019<\/td>\n<\/tr>\n<tr>\n<td>Informatyka<\/td>\n<td>\u201eLubi\u0119 to NEON\u201d<\/td>\n<td>M.K\u0119ska<\/td>\n<td>Nowa Era<\/td>\n<td>847\/3\/2025<\/td>\n<\/tr>\n<tr>\n<td>Religia<\/td>\n<td>\u201eJezus nas zbawia\u201d\u00a0(dwie cz\u0119\u015bci)<\/td>\n<td>B.Zawi\u015blak<\/p>\n<p>ks. doktor M.Wojtasik<\/td>\n<td>\u015aw.Wojciech<\/td>\n<td>AZ-22-01\/18-PO-2\/21<\/td>\n<\/tr>\n<\/tbody>\n<\/table>\n<p>&nbsp;<\/p>\n<p><strong>\u00a0<\/strong><\/p>\n<p><strong><u>Zestaw podr\u0119cznik\u00f3w dla klasy VII<\/u><\/strong><\/p>\n<table>\n<tbody>\n<tr>\n<td><strong>Przedmiot<\/strong><\/td>\n<td><strong>Tytu\u0142<\/strong><\/td>\n<td><strong>Autor<\/strong><\/td>\n<td><strong>Wydawnictwo<\/strong><\/td>\n<td><strong>Numer dopuszczenia<\/strong><\/td>\n<\/tr>\n<tr>\n<td>J\u0119zyk polski<\/td>\n<td>\u201eNowe s\u0142owa na start\u201d<\/td>\n<td>J.Ko\u015bcierzy\u0144ska<\/p>\n<p>M.Chmiel<\/td>\n<td>Nowa Era<\/td>\n<td>907\/4\/2017<\/td>\n<\/tr>\n<tr>\n<td>J\u0119zyk angielski<\/td>\n<td>\u201eBrainy\u201d<\/td>\n<td>C.McBeth<\/td>\n<td>Macmillan<\/td>\n<td>831\/4\/2020<\/td>\n<\/tr>\n<tr>\n<td>J\u0119zyk niemiecki<\/td>\n<td>\u201eExtraklasse Deutsch\u201d<br \/>\nPodr\u0119cznik do j\u0119zyka niemieckiego dla klasy 7<\/td>\n<td>M.Kozubska<\/p>\n<p>E.Krawczyk<\/p>\n<p>L.Zast\u0105pi\u0142o<\/td>\n<td>PWN<\/td>\n<td>1179\/1\/2023<\/td>\n<\/tr>\n<tr>\n<td>Historia<\/td>\n<td>\u201eWczoraj i dzi\u015b\u201d<\/td>\n<td>J.K\u0142aczkow<\/p>\n<p>A.\u0141aszkiewicz<\/td>\n<td>Nowa Era<\/td>\n<td>877\/4\/2017<\/td>\n<\/tr>\n<tr>\n<td>Matematyka<\/td>\n<td>\u201eMatematyka<\/p>\n<p>z kluczem 7\u201d<\/td>\n<td>M.Braun<\/p>\n<p>A.Ma\u0144kowska<\/td>\n<td>Nowa Era<\/td>\n<td>875\/4\/2020\/z1<\/td>\n<\/tr>\n<tr>\n<td>Biologia<\/td>\n<td>\u201ePuls \u017cycia\u201d<\/td>\n<td>M.Jefimow<\/td>\n<td>Nowa Era<\/td>\n<td>844\/3\/2020\/z1<\/td>\n<\/tr>\n<tr>\n<td>Chemia<\/td>\n<td>\u201eChemia Nowej Ery\u201d<\/td>\n<td>J.Kulawik<\/p>\n<p>T.Kulawik\u00a0 M.Litwin<\/td>\n<td>Nowa Era<\/td>\n<td>785\/1\/2017<\/td>\n<\/tr>\n<tr>\n<td>Geografia<\/td>\n<td>\u201ePlaneta Nowa\u201d \u2013 Nowa Edycja 2020-2022<\/td>\n<td>R.Malarz<\/p>\n<p>T.Rachwa\u0142 M.Szubert<\/td>\n<td>Nowa Era<\/td>\n<td>906\/3\/2019\/z1<\/td>\n<\/tr>\n<tr>\n<td>Plastyka<\/td>\n<td>\u201eDo dzie\u0142a\u201d<\/td>\n<td>M.Ipczy\u0144ska<\/p>\n<p>N.Mrozkowiak<\/td>\n<td>Nowe Era<\/td>\n<td>903\/4\/2017<\/td>\n<\/tr>\n<tr>\n<td>Fizyka<\/td>\n<td>Podr\u0119cznik do fizyki dla szko\u0142y podstawowej: \u201eSpotkanie z fizyk\u0105 7.\u201d<\/td>\n<td>G.Francuz \u2013 Ornat<\/p>\n<p>T.Kulawik<\/td>\n<td>Nowa Era<\/td>\n<td>885\/1\/2017<\/td>\n<\/tr>\n<tr>\n<td>Muzyka<\/td>\n<td>\u201eLekcja muzyki\u201d<\/td>\n<td>M.Gromek<\/p>\n<p>G.Kilbach<\/td>\n<td>Nowa Era<\/td>\n<td>852\/4\/2017<\/td>\n<\/tr>\n<tr>\n<td>Informatyka<\/td>\n<td>\u201eLubi\u0119 to\u201d<\/p>\n<p>&nbsp;<\/td>\n<td>M.K\u0119ska<\/td>\n<td>Nowa Era<\/td>\n<td>847\/4\/2017<\/td>\n<\/tr>\n<tr>\n<td>Religia<\/td>\n<td>\u201eB\u00f3g wskazuje nam drog\u0119\u201d<\/td>\n<td>B.Zawi\u015blak<\/p>\n<p>ks. doktor M.Wojtasik<\/td>\n<td>\u015aw.Wojciech<\/td>\n<td>AZ-23-01\/18-PO-2\/22<\/td>\n<\/tr>\n<\/tbody>\n<\/table>\n<table width=\"920\">\n<tbody>\n<tr>\n<td width=\"184\"><\/td>\n<td width=\"184\"><\/td>\n<td width=\"183\"><\/td>\n<td width=\"184\"><\/td>\n<td width=\"185\"><\/td>\n<\/tr>\n<\/tbody>\n<\/table>\n<p><strong><u>\u00a0<\/u><\/strong><\/p>\n<p><strong><u>Zestaw podr\u0119cznik\u00f3w dla klasy VIII<\/u><\/strong><\/p>\n<table>\n<tbody>\n<tr>\n<td width=\"153\"><strong>Przedmiot<\/strong><\/td>\n<td width=\"255\"><strong>Tytu\u0142<\/strong><\/td>\n<td width=\"170\"><strong>Autor<\/strong><\/td>\n<td width=\"170\"><strong>Wydawnictwo<\/strong><\/td>\n<td width=\"181\"><strong>Numer dopuszczenia<\/strong><\/td>\n<\/tr>\n<tr>\n<td width=\"153\">J\u0119zyk polski<\/td>\n<td width=\"255\">\u201eNowe s\u0142owa na start\u201d \u2013 Nowa edycja 2021 \u2013 2023<\/td>\n<td width=\"170\">J.Ko\u015bcierzy\u0144ska<\/p>\n<p>M.Chmiel<\/td>\n<td width=\"170\">Nowa Era<\/td>\n<td width=\"181\">907\/5\/2018<\/td>\n<\/tr>\n<tr>\n<td width=\"153\">J\u0119zyk angielski<\/td>\n<td width=\"255\">\u201eBrainy\u201d \u2013 klasa 8<\/td>\n<td width=\"170\">C.McBeth<\/td>\n<td width=\"170\">Macmillan<\/td>\n<td width=\"181\">831\/5\/2021<\/td>\n<\/tr>\n<tr>\n<td width=\"153\">J\u0119zyk niemiecki<\/td>\n<td width=\"255\">\u201eExtraklasse Deutsch\u201d Podr\u0119cznik do j\u0119zyka niemieckiego dla klasy 8<\/td>\n<td width=\"170\">M.Kozubska<\/p>\n<p>E.Krawczyk<\/p>\n<p>L.Zast\u0105pi\u0142o<\/td>\n<td width=\"170\">PWN<\/td>\n<td width=\"181\">1179\/2\/2024<\/td>\n<\/tr>\n<tr>\n<td width=\"153\">Historia<\/td>\n<td width=\"255\">\u201eWczoraj i dzi\u015b\u201d \u2013 Nowa Edycja 2021\/2023<\/td>\n<td width=\"170\">R.\u015aniegocki<\/p>\n<p>A.Zieli\u0144ska<\/td>\n<td width=\"170\">Nowa Era<\/td>\n<td width=\"181\">877\/5\/2021\/z1<\/td>\n<\/tr>\n<tr>\n<td width=\"153\">WOS<\/td>\n<td width=\"255\">\u201eDzi\u015b i jutro\u201d \u2013 Nowa Edycja 2021\/2023<\/td>\n<td width=\"170\">I.Janicka<\/p>\n<p>A.Janicki<\/td>\n<td width=\"170\">Nowa Era<\/td>\n<td width=\"181\">874\/2021\/z1<\/td>\n<\/tr>\n<tr>\n<td width=\"153\">Matematyka<\/td>\n<td width=\"255\">\u201eMatematyka\u00a0 z kluczem 8\u201d<\/td>\n<td width=\"170\">M.Braun<\/p>\n<p>A.Ma\u0144kowska<\/td>\n<td width=\"170\">Nowa Era<\/td>\n<td width=\"181\">875\/5\/2021\/z1<\/td>\n<\/tr>\n<tr>\n<td width=\"153\">Biologia<\/td>\n<td width=\"255\">\u201ePuls \u017cycia\u201d<\/td>\n<td width=\"170\">B.S\u0119gin<\/p>\n<p>A.BoczarowskiM.S\u0119ktas<\/td>\n<td width=\"170\">Nowa Era<\/td>\n<td width=\"181\">844\/4\/2021\/z1<\/td>\n<\/tr>\n<tr>\n<td width=\"153\">Chemia<\/td>\n<td width=\"255\">\u201eChemia Nowej Ery\u201d<\/td>\n<td width=\"170\">J.Kulawik<\/p>\n<p>T.Kulawik M.Litwin<\/td>\n<td width=\"170\">Nowa Era<\/td>\n<td width=\"181\">785\/2\/2018<\/td>\n<\/tr>\n<tr>\n<td width=\"153\">Geografia<\/td>\n<td width=\"255\">\u201ePlaneta Nowa\u201d<\/td>\n<td width=\"170\">T.Rachwa\u0142<\/p>\n<p>D.Szczypi\u0144ski<\/p>\n<p>&nbsp;<\/td>\n<td width=\"170\">Nowa Era<\/td>\n<td width=\"181\">906\/4\/2018<\/td>\n<\/tr>\n<tr>\n<td width=\"153\">Fizyka<\/td>\n<td width=\"255\">Podr\u0119cznik do fizyki dla szko\u0142y podstawowej: \u201eSpotkanie z fizyk\u0105 8.\u201d \u2013 Nowa edycja 2021-2023<\/td>\n<td width=\"170\">G.Francuz \u2013 Ornat<\/p>\n<p>T.Kulawik<\/td>\n<td width=\"170\">Nowa Era<\/td>\n<td width=\"181\">885\/2\/2018<\/td>\n<\/tr>\n<tr>\n<td width=\"153\">Informatyka<\/td>\n<td width=\"255\">\u201eLubi\u0119 to\u201d<\/td>\n<td width=\"170\">M.K\u0119ska<\/p>\n<p>&nbsp;<\/td>\n<td width=\"170\">Nowa Era<\/td>\n<td width=\"181\">847\/5\/2018<\/td>\n<\/tr>\n<tr>\n<td width=\"153\">Religia<\/td>\n<td width=\"255\">\u201eMoc\u0105 Ducha \u015awi\u0119tego zmieniamy \u015bwiat\u201d (dwie cz\u0119\u015bci)<\/td>\n<td width=\"170\">Beata Zawi\u015blak USJK<\/td>\n<td width=\"170\">\u015aw.Wojciech<\/td>\n<td width=\"181\">AZ-24-01\/18-PO-7\/23<\/td>\n<\/tr>\n<\/tbody>\n<\/table>\n<p>&nbsp;<\/p>\n<p>&nbsp;<\/p>\n<p>&nbsp;<\/p>\n<p>&nbsp;<\/p>\n<p>&nbsp;<\/p>\n<p>&nbsp;<\/p>\n","protected":false},"excerpt":{"rendered":"<p>SZKOLNY ZESTAW PODR\u0118CZNIK\u00d3W- SZKO\u0141A PODSTAWOWA W NICWA\u0141DZIE ROK SZKOLNY 2025\/2026 &nbsp; Zestaw podr\u0119cznik\u00f3w dla oddzia\u0142u przedszkolnego Przedmiot Tytu\u0142 Autor Wydawnictwo Numer dopuszczenia Wychowanie przedszkolne Grupa I \u201ePszcz\u00f3\u0142ki\u201d \u201eNasza bajka\u201d poziom B oraz B+ &nbsp; &nbsp; A.Bana\u015b W. \u017baba- \u017babi\u0144ska J.Piotrowska MAC Grupa II \u201eBiedronki\u201d \u201eKolorowe karty\u201d poziom A+ &nbsp; A.Bana\u015b W. \u017baba- \u017babi\u0144ska K.Cebula M.Malecha &hellip;<\/p>\n<p class=\"read-more\"> <a class=\"\" href=\"https:\/\/spnicwald.gruta.pl\/?page_id=34\"> <span class=\"screen-reader-text\">ZESTAW PODR\u0118CZNIK\u00d3W ROK SZKOLNY 2025\/2026<\/span> Read More &raquo;<\/a><\/p>\n","protected":false},"author":1,"featured_media":0,"parent":0,"menu_order":0,"comment_status":"closed","ping_status":"closed","template":"","meta":{"site-sidebar-layout":"default","site-content-layout":"default","ast-global-header-display":"","ast-main-header-display":"","ast-hfb-above-header-display":"","ast-hfb-below-header-display":"","ast-hfb-mobile-header-display":"","site-post-title":"","ast-breadcrumbs-content":"","ast-featured-img":"","footer-sml-layout":"","theme-transparent-header-meta":"","adv-header-id-meta":"","stick-header-meta":"","header-above-stick-meta":"","header-main-stick-meta":"","header-below-stick-meta":"","footnotes":""},"class_list":["post-34","page","type-page","status-publish","hentry"],"_links":{"self":[{"href":"https:\/\/spnicwald.gruta.pl\/index.php?rest_route=\/wp\/v2\/pages\/34","targetHints":{"allow":["GET"]}}],"collection":[{"href":"https:\/\/spnicwald.gruta.pl\/index.php?rest_route=\/wp\/v2\/pages"}],"about":[{"href":"https:\/\/spnicwald.gruta.pl\/index.php?rest_route=\/wp\/v2\/types\/page"}],"author":[{"embeddable":true,"href":"https:\/\/spnicwald.gruta.pl\/index.php?rest_route=\/wp\/v2\/users\/1"}],"replies":[{"embeddable":true,"href":"https:\/\/spnicwald.gruta.pl\/index.php?rest_route=%2Fwp%2Fv2%2Fcomments&post=34"}],"version-history":[{"count":17,"href":"https:\/\/spnicwald.gruta.pl\/index.php?rest_route=\/wp\/v2\/pages\/34\/revisions"}],"predecessor-version":[{"id":1057,"href":"https:\/\/spnicwald.gruta.pl\/index.php?rest_route=\/wp\/v2\/pages\/34\/revisions\/1057"}],"wp:attachment":[{"href":"https:\/\/spnicwald.gruta.pl\/index.php?rest_route=%2Fwp%2Fv2%2Fmedia&parent=34"}],"curies":[{"name":"wp","href":"https:\/\/api.w.org\/{rel}","templated":true}]}}