{"id":383,"date":"2022-09-11T00:28:20","date_gmt":"2022-09-10T22:28:20","guid":{"rendered":"https:\/\/spnicwald.gruta.pl\/?page_id=383"},"modified":"2025-10-13T21:14:43","modified_gmt":"2025-10-13T19:14:43","slug":"hymn-szkoly","status":"publish","type":"page","link":"https:\/\/spnicwald.gruta.pl\/?page_id=383","title":{"rendered":"HYMN SZKO\u0141Y"},"content":{"rendered":"<p><strong>Hymn Szko\u0142y Podstawowej w Nicwa\u0142dzie\u00a0<\/strong><br \/>\n1. Przed nami jest wiele dr\u00f3g.<br \/>\nKt\u00f3r\u0105 wybra\u0107 dzi\u015b mam?<br \/>\nKt\u00f3ry przekroczy\u0107 mam pr\u00f3g<br \/>\nKto podpowie dzi\u015b nam.<br \/>\nRef. B\u0142ogos\u0142awiony Wicku Ty\u015b ju\u017c osi\u0105gn\u0105\u0142 cel<br \/>\nS\u0142u\u017cba, mi\u0142o\u015b\u0107, ofiara powiod\u0142y Ciebie tam.<br \/>\nB\u0105d\u017a dla nas \u015bwiat\u0142em dzi\u015b, gdy ciemno\u015b\u0107 ogarnie nas<br \/>\nB\u0105d\u017a wzorem dla nas ju\u017c dzi\u015b, szybko up\u0142ywa czas.<br \/>\n2. Dawa\u0142e\u015b mi\u0142o\u015bci wz\u00f3r<br \/>\nMi\u0142o\u015b\u0107, Ojczyzna i brat<br \/>\nChorym nadziej\u0119 \u017ce\u015b da\u0142<br \/>\nGdy opuszcza\u0142e\u015b \u015bwiat.<br \/>\nRef. B\u0142ogos\u0142awiony Wicku Ty\u015b ju\u017c osi\u0105gn\u0105\u0142 cel<br \/>\nS\u0142u\u017cba, mi\u0142o\u015b\u0107, ofiara powiod\u0142y Ciebie tam.<br \/>\nB\u0105d\u017a dla nas \u015bwiat\u0142em dzi\u015b, gdy ciemno\u015b\u0107 ogarnie nas<br \/>\nB\u0105d\u017a wzorem dla nas ju\u017c dzi\u015b, szybko up\u0142ywa czas.<\/p>\n<!--[if lt IE 9]><script>document.createElement('audio');<\/script><![endif]-->\n<audio class=\"wp-audio-shortcode\" id=\"audio-383-1\" preload=\"none\" style=\"width: 100%;\" controls=\"controls\"><source type=\"audio\/mpeg\" src=\"https:\/\/spnicwald.gruta.pl\/wp-content\/uploads\/2022\/09\/Hymn-Szkoly-Podstawowej-w_Nicwaldziewersja1Z-linia-melodyczna.mp3?_=1\" \/><a href=\"https:\/\/spnicwald.gruta.pl\/wp-content\/uploads\/2022\/09\/Hymn-Szkoly-Podstawowej-w_Nicwaldziewersja1Z-linia-melodyczna.mp3\">https:\/\/spnicwald.gruta.pl\/wp-content\/uploads\/2022\/09\/Hymn-Szkoly-Podstawowej-w_Nicwaldziewersja1Z-linia-melodyczna.mp3<\/a><\/audio>\n","protected":false},"excerpt":{"rendered":"<p>Hymn Szko\u0142y Podstawowej w Nicwa\u0142dzie\u00a0 1. Przed nami jest wiele dr\u00f3g. Kt\u00f3r\u0105 wybra\u0107 dzi\u015b mam? Kt\u00f3ry przekroczy\u0107 mam pr\u00f3g Kto podpowie dzi\u015b nam. Ref. B\u0142ogos\u0142awiony Wicku Ty\u015b ju\u017c osi\u0105gn\u0105\u0142 cel S\u0142u\u017cba, mi\u0142o\u015b\u0107, ofiara powiod\u0142y Ciebie tam. B\u0105d\u017a dla nas \u015bwiat\u0142em dzi\u015b, gdy ciemno\u015b\u0107 ogarnie nas B\u0105d\u017a wzorem dla nas ju\u017c dzi\u015b, szybko up\u0142ywa czas. 2. &hellip;<\/p>\n<p class=\"read-more\"> <a class=\"\" href=\"https:\/\/spnicwald.gruta.pl\/?page_id=383\"> <span class=\"screen-reader-text\">HYMN SZKO\u0141Y<\/span> Read More &raquo;<\/a><\/p>\n","protected":false},"author":3,"featured_media":0,"parent":36,"menu_order":3,"comment_status":"closed","ping_status":"closed","template":"","meta":{"site-sidebar-layout":"default","site-content-layout":"default","ast-global-header-display":"","ast-main-header-display":"","ast-hfb-above-header-display":"","ast-hfb-below-header-display":"","ast-hfb-mobile-header-display":"","site-post-title":"","ast-breadcrumbs-content":"","ast-featured-img":"","footer-sml-layout":"","theme-transparent-header-meta":"default","adv-header-id-meta":"","stick-header-meta":"","header-above-stick-meta":"","header-main-stick-meta":"","header-below-stick-meta":"","footnotes":""},"class_list":["post-383","page","type-page","status-publish","hentry"],"_links":{"self":[{"href":"https:\/\/spnicwald.gruta.pl\/index.php?rest_route=\/wp\/v2\/pages\/383","targetHints":{"allow":["GET"]}}],"collection":[{"href":"https:\/\/spnicwald.gruta.pl\/index.php?rest_route=\/wp\/v2\/pages"}],"about":[{"href":"https:\/\/spnicwald.gruta.pl\/index.php?rest_route=\/wp\/v2\/types\/page"}],"author":[{"embeddable":true,"href":"https:\/\/spnicwald.gruta.pl\/index.php?rest_route=\/wp\/v2\/users\/3"}],"replies":[{"embeddable":true,"href":"https:\/\/spnicwald.gruta.pl\/index.php?rest_route=%2Fwp%2Fv2%2Fcomments&post=383"}],"version-history":[{"count":3,"href":"https:\/\/spnicwald.gruta.pl\/index.php?rest_route=\/wp\/v2\/pages\/383\/revisions"}],"predecessor-version":[{"id":388,"href":"https:\/\/spnicwald.gruta.pl\/index.php?rest_route=\/wp\/v2\/pages\/383\/revisions\/388"}],"up":[{"embeddable":true,"href":"https:\/\/spnicwald.gruta.pl\/index.php?rest_route=\/wp\/v2\/pages\/36"}],"wp:attachment":[{"href":"https:\/\/spnicwald.gruta.pl\/index.php?rest_route=%2Fwp%2Fv2%2Fmedia&parent=383"}],"curies":[{"name":"wp","href":"https:\/\/api.w.org\/{rel}","templated":true}]}}