{"id":390,"date":"2022-09-11T00:35:32","date_gmt":"2022-09-10T22:35:32","guid":{"rendered":"https:\/\/spnicwald.gruta.pl\/?page_id=390"},"modified":"2025-10-13T21:30:07","modified_gmt":"2025-10-13T19:30:07","slug":"kadra-pedagogiczna","status":"publish","type":"page","link":"https:\/\/spnicwald.gruta.pl\/?page_id=390","title":{"rendered":"KADRA PEDAGOGICZNA"},"content":{"rendered":"<p><strong><u>KADRA PEDAGOGICZNA<\/u><\/strong><\/p>\n<table style=\"width: 100.107%; height: 778px;\">\n<tbody>\n<tr style=\"height: 26px;\">\n<td style=\"text-align: left; width: 31.5958%; height: 26px;\" width=\"461\"><strong>Dyrektor Szko\u0142y<\/strong><\/td>\n<td style=\"text-align: right; width: 68.2978%; height: 26px;\" width=\"461\"><strong>mgr Anna Tomczyk<\/strong><\/td>\n<\/tr>\n<tr style=\"height: 26px;\">\n<td style=\"text-align: left; width: 31.5958%; height: 26px;\" width=\"461\">ODDZIA\u0141 PRZEDSZKOLNY<\/td>\n<td style=\"text-align: right; width: 68.2978%; height: 26px;\" width=\"461\">mgr Anna Szatkowska<\/td>\n<\/tr>\n<tr style=\"height: 26px;\">\n<td style=\"text-align: left; width: 31.5958%; height: 26px;\" width=\"461\">ODDZIA\u0141 PRZEDSZKOLNY<\/td>\n<td style=\"text-align: right; width: 68.2978%; height: 26px;\" width=\"461\">mgr Ewa Kaczmarczyk<\/td>\n<\/tr>\n<tr style=\"height: 26px;\">\n<td style=\"text-align: left; width: 31.5958%; height: 26px;\" width=\"461\">Edukacja wczesnoszkolna kl.I<\/td>\n<td style=\"text-align: right; width: 68.2978%; height: 26px;\" width=\"461\">mgr Arleta Szulc<\/td>\n<\/tr>\n<tr style=\"height: 26px;\">\n<td style=\"text-align: left; width: 31.5958%; height: 26px;\" width=\"461\">Edukacja wczesnoszkolna kl.II<\/td>\n<td style=\"text-align: right; width: 68.2978%; height: 26px;\" width=\"461\">mgr Agnieszka St\u0119pie\u0144<\/td>\n<\/tr>\n<tr style=\"height: 26px;\">\n<td style=\"text-align: left; width: 31.5958%; height: 26px;\" width=\"461\">Edukacja wczesnoszkolna kl.III<\/td>\n<td style=\"text-align: right; width: 68.2978%; height: 26px;\" width=\"461\">mgr Beata Wi\u015bniewska<\/td>\n<\/tr>\n<tr style=\"height: 26px;\">\n<td style=\"text-align: left; width: 31.5958%; height: 26px;\" width=\"461\">J\u0119zyk polski<\/td>\n<td style=\"text-align: right; width: 68.2978%; height: 26px;\" width=\"461\">\u00a0mgr Marta Le\u015bniewska, mgr Barbara Fiszer<\/td>\n<\/tr>\n<tr style=\"height: 26px;\">\n<td style=\"text-align: left; width: 31.5958%; height: 26px;\" width=\"461\">J\u0119zyk angielski<\/td>\n<td style=\"text-align: right; width: 68.2978%; height: 26px;\" width=\"461\">mgr Anna Mikulska, mgr Arleta Szulc<\/td>\n<\/tr>\n<tr style=\"height: 26px;\">\n<td style=\"text-align: left; width: 31.5958%; height: 26px;\" width=\"461\">J\u0119zyk niemiecki<\/td>\n<td style=\"text-align: right; width: 68.2978%; height: 26px;\" width=\"461\">mgr Agnieszka St\u0119pie\u0144<\/td>\n<\/tr>\n<tr style=\"height: 26px;\">\n<td style=\"text-align: left; width: 31.5958%; height: 26px;\" width=\"461\">Historia<\/td>\n<td style=\"text-align: right; width: 68.2978%; height: 26px;\" width=\"461\">mgr Barbara Fiszer, mgr Tomasz Piwowarski<\/td>\n<\/tr>\n<tr style=\"height: 26px;\">\n<td style=\"text-align: left; width: 31.5958%; height: 26px;\" width=\"461\">Matematyka<\/td>\n<td style=\"text-align: right; width: 68.2978%; height: 26px;\" width=\"461\">mgr Agnieszka Pi\u0105tkowska<\/td>\n<\/tr>\n<tr style=\"height: 26px;\">\n<td style=\"text-align: left; width: 31.5958%; height: 26px;\" width=\"461\">Chemia<\/td>\n<td style=\"text-align: right; width: 68.2978%; height: 26px;\" width=\"461\">mgr Ma\u0142gorzata Kami\u0144ska- P\u0119k<\/td>\n<\/tr>\n<tr style=\"height: 26px;\">\n<td style=\"text-align: left; width: 31.5958%; height: 26px;\" width=\"461\">Geografia<\/td>\n<td style=\"text-align: right; width: 68.2978%; height: 26px;\" width=\"461\">mgr Tomasz Piwowarski<\/td>\n<\/tr>\n<tr style=\"height: 26px;\">\n<td style=\"text-align: left; width: 31.5958%; height: 26px;\" width=\"461\">Fizyka<\/td>\n<td style=\"text-align: right; width: 68.2978%; height: 26px;\" width=\"461\">mgr Wojciech Stogowski<\/td>\n<\/tr>\n<tr style=\"height: 26px;\">\n<td style=\"text-align: left; width: 31.5958%; height: 26px;\" width=\"461\">WOS<\/td>\n<td style=\"text-align: right; width: 68.2978%; height: 26px;\" width=\"461\">mgr Barbara Fiszer<\/td>\n<\/tr>\n<tr style=\"height: 26px;\">\n<td style=\"text-align: left; width: 31.5958%; height: 26px;\" width=\"461\">Plastyka<\/td>\n<td style=\"text-align: right; width: 68.2978%; height: 26px;\" width=\"461\">mgr Aleksandra Materka<\/td>\n<\/tr>\n<tr style=\"height: 26px;\">\n<td style=\"text-align: left; width: 31.5958%; height: 26px;\" width=\"461\">Technika<\/td>\n<td style=\"text-align: right; width: 68.2978%; height: 26px;\" width=\"461\">mgr Aleksandra Materka<\/td>\n<\/tr>\n<tr style=\"height: 26px;\">\n<td style=\"text-align: left; width: 31.5958%; height: 26px;\" width=\"461\">Religia<\/td>\n<td style=\"text-align: right; width: 68.2978%; height: 26px;\" width=\"461\">\u00a0mgr Zbigniew Buchalski<\/td>\n<\/tr>\n<tr style=\"height: 26px;\">\n<td style=\"text-align: left; width: 31.5958%; height: 26px;\" width=\"461\">Pedagog<\/td>\n<td style=\"text-align: right; width: 68.2978%; height: 26px;\" width=\"461\">mgr Marta Kmiecik<\/td>\n<\/tr>\n<tr style=\"height: 26px;\">\n<td style=\"text-align: left; width: 31.5958%; height: 26px;\" width=\"461\">Pedagog specjalny<\/td>\n<td style=\"text-align: right; width: 68.2978%; height: 26px;\" width=\"461\">mgr Marta Kmiecik<\/td>\n<\/tr>\n<tr style=\"height: 26px;\">\n<td style=\"text-align: left; width: 31.5958%; height: 26px;\" width=\"461\">Muzyka<\/td>\n<td style=\"text-align: right; width: 68.2978%; height: 26px;\" width=\"461\">mgr Micha\u0142 Rajewski<\/td>\n<\/tr>\n<tr style=\"height: 26px;\">\n<td style=\"text-align: left; width: 31.5958%; height: 26px;\" width=\"461\">Informatyka<\/td>\n<td style=\"text-align: right; width: 68.2978%; height: 26px;\" width=\"461\">mgr Agnieszka St\u0119pie\u0144<\/td>\n<\/tr>\n<tr style=\"height: 26px;\">\n<td style=\"text-align: left; width: 31.5958%; height: 26px;\" width=\"461\">EDB<\/td>\n<td style=\"text-align: right; width: 68.2978%; height: 26px;\" width=\"461\">mgr Katarzyna Sprawska<\/td>\n<\/tr>\n<tr style=\"height: 26px;\">\n<td style=\"text-align: left; width: 31.5958%; height: 26px;\" width=\"461\">Przyroda<\/td>\n<td style=\"text-align: right; width: 68.2978%; height: 26px;\" width=\"461\">mgr Agnieszka Pi\u0105tkowska<\/td>\n<\/tr>\n<tr style=\"height: 53px;\">\n<td style=\"text-align: left; width: 31.5958%; height: 32px;\" width=\"461\">Rewalidacja<\/td>\n<td style=\"text-align: right; width: 68.2978%; height: 32px;\" width=\"461\">mgr Katarzyna Sprawska, mgr Agnieszka Pi\u0105tkowska, mgr Marta Kmiecik, mgr Joanna Krajkowska, mgr Ewa Kaczmarczyk, mgr Anna Kurkus<\/td>\n<\/tr>\n<tr style=\"height: 10px;\">\n<td style=\"text-align: left; width: 31.5958%; height: 10px;\" width=\"461\">Biblioteka<\/td>\n<td style=\"text-align: right; width: 68.2978%; height: 10px;\" width=\"461\">mgr\u00a0 Ewa Mokwa<\/td>\n<\/tr>\n<tr style=\"height: 56px;\">\n<td style=\"width: 31.5958%; height: 56px;\">Wychowanie fizyczne<\/td>\n<td style=\"text-align: right; width: 68.2978%; height: 56px;\">mgr Aleksandra Materka, mgr Katarzyna Sprawska<\/td>\n<\/tr>\n<tr style=\"height: 56px;\">\n<td style=\"text-align: left; width: 31.5958%; height: 56px;\">Psycholog<\/td>\n<td style=\"text-align: right; width: 68.2978%; height: 56px;\">mgr Mi\u0142osz Bzowy<\/td>\n<\/tr>\n<tr>\n<td style=\"text-align: left; width: 31.5958%;\">Edukacja zdrowotna<\/td>\n<td style=\"text-align: right; width: 68.2978%;\">mgr Aleksandra Materka<\/td>\n<\/tr>\n<tr>\n<td style=\"text-align: left; width: 31.5958%;\">Nauczyciel wspomagaj\u0105cy<\/td>\n<td style=\"text-align: right; width: 68.2978%;\">mgr Joanna Krajkowska, mgr Justyna Samol<\/td>\n<\/tr>\n<\/tbody>\n<\/table>\n<p>&nbsp;<\/p>\n","protected":false},"excerpt":{"rendered":"<p>KADRA PEDAGOGICZNA Dyrektor Szko\u0142y mgr Anna Tomczyk ODDZIA\u0141 PRZEDSZKOLNY mgr Anna Szatkowska ODDZIA\u0141 PRZEDSZKOLNY mgr Ewa Kaczmarczyk Edukacja wczesnoszkolna kl.I mgr Arleta Szulc Edukacja wczesnoszkolna kl.II mgr Agnieszka St\u0119pie\u0144 Edukacja wczesnoszkolna kl.III mgr Beata Wi\u015bniewska J\u0119zyk polski \u00a0mgr Marta Le\u015bniewska, mgr Barbara Fiszer J\u0119zyk angielski mgr Anna Mikulska, mgr Arleta Szulc J\u0119zyk niemiecki mgr Agnieszka &hellip;<\/p>\n<p class=\"read-more\"> <a class=\"\" href=\"https:\/\/spnicwald.gruta.pl\/?page_id=390\"> <span class=\"screen-reader-text\">KADRA PEDAGOGICZNA<\/span> Read More &raquo;<\/a><\/p>\n","protected":false},"author":3,"featured_media":0,"parent":36,"menu_order":4,"comment_status":"closed","ping_status":"closed","template":"","meta":{"site-sidebar-layout":"default","site-content-layout":"default","ast-global-header-display":"","ast-main-header-display":"","ast-hfb-above-header-display":"","ast-hfb-below-header-display":"","ast-hfb-mobile-header-display":"","site-post-title":"","ast-breadcrumbs-content":"","ast-featured-img":"","footer-sml-layout":"","theme-transparent-header-meta":"default","adv-header-id-meta":"","stick-header-meta":"","header-above-stick-meta":"","header-main-stick-meta":"","header-below-stick-meta":"","footnotes":""},"class_list":["post-390","page","type-page","status-publish","hentry"],"_links":{"self":[{"href":"https:\/\/spnicwald.gruta.pl\/index.php?rest_route=\/wp\/v2\/pages\/390","targetHints":{"allow":["GET"]}}],"collection":[{"href":"https:\/\/spnicwald.gruta.pl\/index.php?rest_route=\/wp\/v2\/pages"}],"about":[{"href":"https:\/\/spnicwald.gruta.pl\/index.php?rest_route=\/wp\/v2\/types\/page"}],"author":[{"embeddable":true,"href":"https:\/\/spnicwald.gruta.pl\/index.php?rest_route=\/wp\/v2\/users\/3"}],"replies":[{"embeddable":true,"href":"https:\/\/spnicwald.gruta.pl\/index.php?rest_route=%2Fwp%2Fv2%2Fcomments&post=390"}],"version-history":[{"count":15,"href":"https:\/\/spnicwald.gruta.pl\/index.php?rest_route=\/wp\/v2\/pages\/390\/revisions"}],"predecessor-version":[{"id":1131,"href":"https:\/\/spnicwald.gruta.pl\/index.php?rest_route=\/wp\/v2\/pages\/390\/revisions\/1131"}],"up":[{"embeddable":true,"href":"https:\/\/spnicwald.gruta.pl\/index.php?rest_route=\/wp\/v2\/pages\/36"}],"wp:attachment":[{"href":"https:\/\/spnicwald.gruta.pl\/index.php?rest_route=%2Fwp%2Fv2%2Fmedia&parent=390"}],"curies":[{"name":"wp","href":"https:\/\/api.w.org\/{rel}","templated":true}]}}