{"id":412,"date":"2022-09-15T13:14:05","date_gmt":"2022-09-15T11:14:05","guid":{"rendered":"https:\/\/spnicwald.gruta.pl\/?page_id=412"},"modified":"2023-10-25T21:27:09","modified_gmt":"2023-10-25T19:27:09","slug":"godziny-dostepnosci-nauczycieli-rok-szkolny-2022-2023","status":"publish","type":"page","link":"https:\/\/spnicwald.gruta.pl\/?page_id=412","title":{"rendered":"GODZINY DOST\u0118PNO\u015aCI NAUCZYCIELI ROK SZKOLNY 2023\/2024"},"content":{"rendered":"<p><strong><u>GODZINY DOST\u0118PNO\u015aCI NAUCZYCIELI<\/u><\/strong><\/p>\n<p><strong><u>ROK SZKOLNY 2023\/2024<\/u><\/strong><\/p>\n<p><strong>\u00a0<\/strong><\/p>\n<table style=\"width: 99.8936%; height: 638px;\">\n<tbody>\n<tr style=\"height: 26px;\">\n<td style=\"height: 26px;\" width=\"57\"><strong>Lp.<\/strong><\/td>\n<td style=\"height: 26px;\" width=\"325\"><strong>Nazwisko i imi\u0119 nauczyciela<\/strong><\/td>\n<td style=\"height: 26px;\" width=\"284\"><strong>dzie\u0144 tygodnia\/godzina<\/strong><\/td>\n<td style=\"height: 26px;\" width=\"258\"><strong>sala<\/strong><\/td>\n<\/tr>\n<tr style=\"height: 56px;\">\n<td style=\"height: 56px;\" width=\"57\">1.<\/td>\n<td style=\"text-align: left; height: 56px;\" width=\"325\">Szwejkowska Jadwiga<\/td>\n<td style=\"text-align: left; height: 56px;\" width=\"284\">czwartek 11:35 &#8211; 12:20<\/td>\n<td style=\"text-align: left; height: 56px;\" width=\"258\">sala nr 11<\/td>\n<\/tr>\n<tr style=\"height: 26px;\">\n<td style=\"height: 26px;\" width=\"57\">2.<\/td>\n<td style=\"text-align: left; height: 26px;\" width=\"325\">Cieszy\u0144ska Karolina<\/td>\n<td style=\"text-align: left; height: 26px;\" width=\"284\">wtorek\u00a0 13:00 -14:00<\/td>\n<td style=\"text-align: left; height: 26px;\" width=\"258\">sala nr 1<\/td>\n<\/tr>\n<tr style=\"height: 56px;\">\n<td style=\"height: 56px;\" width=\"57\">3.<\/td>\n<td style=\"text-align: left; height: 56px;\" width=\"325\">Fiszer Barbara<\/td>\n<td style=\"text-align: left; height: 56px;\" width=\"284\">wtorek 11.20-12.20<\/td>\n<td style=\"text-align: left; height: 56px;\" width=\"258\">sala nr 66<\/td>\n<\/tr>\n<tr style=\"height: 56px;\">\n<td style=\"height: 56px;\" width=\"57\">4.<\/td>\n<td style=\"text-align: left; height: 56px;\" width=\"325\">Kaczmarczyk Ewa<\/td>\n<td style=\"text-align: left; height: 56px;\" width=\"284\">poniedzia\u0142ek 13.00-14.00<\/td>\n<td style=\"text-align: left; height: 56px;\" width=\"258\">pok\u00f3j nauczycielski<\/td>\n<\/tr>\n<tr style=\"height: 56px;\">\n<td style=\"height: 56px;\" width=\"57\">5.<\/td>\n<td style=\"text-align: left; height: 56px;\" width=\"325\">Kmiecik Marta<\/td>\n<td style=\"text-align: left; height: 56px;\" width=\"284\">\u015broda 12.20 -13.20<\/td>\n<td style=\"text-align: left; height: 56px;\" width=\"258\">gabinet pedagoga<\/td>\n<\/tr>\n<tr style=\"height: 26px;\">\n<td style=\"height: 26px;\" width=\"57\">6.<\/td>\n<td style=\"text-align: left; height: 26px;\" width=\"325\">Oko\u0144ski Dawid<\/td>\n<td style=\"text-align: left; height: 26px;\" width=\"284\"><\/td>\n<td style=\"text-align: left; height: 26px;\" width=\"258\">pok\u00f3j nauczycielski<\/td>\n<\/tr>\n<tr style=\"height: 56px;\">\n<td style=\"height: 56px;\" width=\"57\">7.<\/td>\n<td style=\"text-align: left; height: 56px;\" width=\"325\">Pi\u0105tkowska Agnieszka<\/td>\n<td style=\"text-align: left; height: 56px;\" width=\"284\">poniedzia\u0142ek 14.20-15.20<\/td>\n<td style=\"text-align: left; height: 56px;\" width=\"258\">\u015bwietlica<\/td>\n<\/tr>\n<tr style=\"height: 56px;\">\n<td style=\"height: 56px;\" width=\"57\">8.<\/td>\n<td style=\"text-align: left; height: 56px;\" width=\"325\">Wolandt Stanis\u0142awa<\/td>\n<td style=\"text-align: left; height: 56px;\" width=\"284\">pi\u0105tek 11.20-12.20<\/td>\n<td style=\"text-align: left; height: 56px;\" width=\"258\">pok\u00f3j nauczycielski<\/td>\n<\/tr>\n<tr style=\"height: 98px;\">\n<td style=\"height: 51px;\" width=\"57\">9.<\/td>\n<td style=\"text-align: left; height: 51px;\" width=\"325\">Sawczy\u0144ska Agnieszka<\/td>\n<td style=\"text-align: left; height: 51px;\" width=\"284\">czwartek 13.20-14.20<\/td>\n<td style=\"text-align: left; height: 51px;\" width=\"258\">sala nr 3<\/td>\n<\/tr>\n<tr style=\"height: 98px;\">\n<td style=\"height: 37px;\" width=\"57\">10.<\/td>\n<td style=\"text-align: left; height: 37px;\" width=\"325\">St\u0119pie\u0144 Agnieszka<\/td>\n<td style=\"text-align: left; height: 37px;\" width=\"284\">wtorek 11.20- 12.20<\/td>\n<td style=\"text-align: left; height: 37px;\" width=\"258\">sala nr 12<\/td>\n<\/tr>\n<tr style=\"height: 98px;\">\n<td style=\"height: 10px;\" width=\"57\">11.<\/td>\n<td style=\"text-align: left; height: 10px;\" width=\"325\">Sprawska Katarzyna<\/td>\n<td style=\"text-align: left; height: 10px;\" width=\"284\">poniedzia\u0142ek 13.20-14.20<\/p>\n<p>&nbsp;<\/td>\n<td style=\"text-align: left; height: 10px;\" width=\"258\">sala komputerowa<\/td>\n<\/tr>\n<tr style=\"height: 56px;\">\n<td style=\"height: 56px;\" width=\"57\">12.<\/td>\n<td style=\"text-align: left; height: 56px;\" width=\"325\">Le\u015bniewska Marta<\/td>\n<td style=\"text-align: left; height: 56px;\" width=\"284\">czwartek\u00a0 12.20-13.20<\/td>\n<td style=\"text-align: left; height: 56px;\" width=\"258\">pok\u00f3j nauczycielski<\/td>\n<\/tr>\n<tr style=\"height: 10px;\">\n<td style=\"height: 10px;\" width=\"57\">13.<\/td>\n<td style=\"text-align: left; height: 10px;\" width=\"325\">Wi\u015bniewska Beata<\/td>\n<td style=\"text-align: left; height: 10px;\" width=\"284\">pi\u0105tek 12.20-13.20<\/td>\n<td style=\"text-align: left; height: 10px;\" width=\"258\">sala nr 10<\/td>\n<\/tr>\n<tr style=\"height: 24px;\">\n<td style=\"height: 24px;\" width=\"57\">14.<\/td>\n<td style=\"text-align: left; height: 24px;\" width=\"325\">ks. Wysiecki Marek<\/td>\n<td style=\"text-align: left; height: 24px;\" width=\"284\">czwartek, 11:2o &#8211; 11:5o ( co drugi tydzie\u0144)<\/td>\n<td style=\"text-align: left; height: 24px;\" width=\"258\">pok\u00f3j nauczycielski<\/td>\n<\/tr>\n<tr style=\"height: 26px;\">\n<td style=\"height: 26px;\" width=\"57\"><\/td>\n<td style=\"text-align: left; height: 26px;\" width=\"325\"><\/td>\n<td style=\"text-align: left; height: 26px;\" width=\"284\"><\/td>\n<td style=\"text-align: left; height: 26px;\" width=\"258\"><\/td>\n<\/tr>\n<tr style=\"height: 10px;\">\n<td style=\"height: 10px;\" width=\"57\"><\/td>\n<td style=\"height: 10px;\" width=\"325\"><\/td>\n<td style=\"height: 10px;\" width=\"284\"><\/td>\n<td style=\"height: 10px;\" width=\"258\"><\/td>\n<\/tr>\n<\/tbody>\n<\/table>\n","protected":false},"excerpt":{"rendered":"<p>GODZINY DOST\u0118PNO\u015aCI NAUCZYCIELI ROK SZKOLNY 2023\/2024 \u00a0 Lp. Nazwisko i imi\u0119 nauczyciela dzie\u0144 tygodnia\/godzina sala 1. Szwejkowska Jadwiga czwartek 11:35 &#8211; 12:20 sala nr 11 2. Cieszy\u0144ska Karolina wtorek\u00a0 13:00 -14:00 sala nr 1 3. Fiszer Barbara wtorek 11.20-12.20 sala nr 66 4. Kaczmarczyk Ewa poniedzia\u0142ek 13.00-14.00 pok\u00f3j nauczycielski 5. Kmiecik Marta \u015broda 12.20 -13.20 &hellip;<\/p>\n<p class=\"read-more\"> <a class=\"\" href=\"https:\/\/spnicwald.gruta.pl\/?page_id=412\"> <span class=\"screen-reader-text\">GODZINY DOST\u0118PNO\u015aCI NAUCZYCIELI ROK SZKOLNY 2023\/2024<\/span> Read More &raquo;<\/a><\/p>\n","protected":false},"author":3,"featured_media":0,"parent":0,"menu_order":0,"comment_status":"closed","ping_status":"closed","template":"","meta":{"site-sidebar-layout":"default","site-content-layout":"default","ast-global-header-display":"","ast-main-header-display":"","ast-hfb-above-header-display":"","ast-hfb-below-header-display":"","ast-hfb-mobile-header-display":"","site-post-title":"","ast-breadcrumbs-content":"","ast-featured-img":"","footer-sml-layout":"","theme-transparent-header-meta":"","adv-header-id-meta":"","stick-header-meta":"","header-above-stick-meta":"","header-main-stick-meta":"","header-below-stick-meta":"","footnotes":""},"class_list":["post-412","page","type-page","status-publish","hentry"],"_links":{"self":[{"href":"https:\/\/spnicwald.gruta.pl\/index.php?rest_route=\/wp\/v2\/pages\/412","targetHints":{"allow":["GET"]}}],"collection":[{"href":"https:\/\/spnicwald.gruta.pl\/index.php?rest_route=\/wp\/v2\/pages"}],"about":[{"href":"https:\/\/spnicwald.gruta.pl\/index.php?rest_route=\/wp\/v2\/types\/page"}],"author":[{"embeddable":true,"href":"https:\/\/spnicwald.gruta.pl\/index.php?rest_route=\/wp\/v2\/users\/3"}],"replies":[{"embeddable":true,"href":"https:\/\/spnicwald.gruta.pl\/index.php?rest_route=%2Fwp%2Fv2%2Fcomments&post=412"}],"version-history":[{"count":12,"href":"https:\/\/spnicwald.gruta.pl\/index.php?rest_route=\/wp\/v2\/pages\/412\/revisions"}],"predecessor-version":[{"id":816,"href":"https:\/\/spnicwald.gruta.pl\/index.php?rest_route=\/wp\/v2\/pages\/412\/revisions\/816"}],"wp:attachment":[{"href":"https:\/\/spnicwald.gruta.pl\/index.php?rest_route=%2Fwp%2Fv2%2Fmedia&parent=412"}],"curies":[{"name":"wp","href":"https:\/\/api.w.org\/{rel}","templated":true}]}}