{"id":924,"date":"2024-09-12T19:05:53","date_gmt":"2024-09-12T17:05:53","guid":{"rendered":"https:\/\/spnicwald.gruta.pl\/?page_id=924"},"modified":"2024-09-12T19:19:32","modified_gmt":"2024-09-12T17:19:32","slug":"psycholog","status":"publish","type":"page","link":"https:\/\/spnicwald.gruta.pl\/?page_id=924","title":{"rendered":"PSYCHOLOG"},"content":{"rendered":"<p>Psycholog- p. Mi\u0142osz Bzowy jest dost\u0119pny w naszej szkole w podanych poni\u017cej dniach i godzinach:<\/p>\n<p><strong>Poniedzia\u0142ek: 10:45 &#8211; 13:45<\/strong><\/p>\n<p><strong>Wtorek: 8:00 &#8211; 11:00<\/strong><\/p>\n<p><strong>\u015aroda: 9:15 &#8211; 11:15<\/strong><\/p>\n<p><strong>Czwartek: 12:45 &#8211; 14:45<\/strong><\/p>\n<p>Zapraszamy do kontaktu \ud83d\ude42<\/p>\n","protected":false},"excerpt":{"rendered":"<p>Psycholog- p. Mi\u0142osz Bzowy jest dost\u0119pny w naszej szkole w podanych poni\u017cej dniach i godzinach: Poniedzia\u0142ek: 10:45 &#8211; 13:45 Wtorek: 8:00 &#8211; 11:00 \u015aroda: 9:15 &#8211; 11:15 Czwartek: 12:45 &#8211; 14:45 Zapraszamy do kontaktu \ud83d\ude42<\/p>\n","protected":false},"author":3,"featured_media":0,"parent":0,"menu_order":0,"comment_status":"closed","ping_status":"closed","template":"","meta":{"site-sidebar-layout":"default","site-content-layout":"default","ast-global-header-display":"","ast-main-header-display":"","ast-hfb-above-header-display":"","ast-hfb-below-header-display":"","ast-hfb-mobile-header-display":"","site-post-title":"","ast-breadcrumbs-content":"","ast-featured-img":"","footer-sml-layout":"","theme-transparent-header-meta":"","adv-header-id-meta":"","stick-header-meta":"","header-above-stick-meta":"","header-main-stick-meta":"","header-below-stick-meta":"","footnotes":""},"class_list":["post-924","page","type-page","status-publish","hentry"],"_links":{"self":[{"href":"https:\/\/spnicwald.gruta.pl\/index.php?rest_route=\/wp\/v2\/pages\/924","targetHints":{"allow":["GET"]}}],"collection":[{"href":"https:\/\/spnicwald.gruta.pl\/index.php?rest_route=\/wp\/v2\/pages"}],"about":[{"href":"https:\/\/spnicwald.gruta.pl\/index.php?rest_route=\/wp\/v2\/types\/page"}],"author":[{"embeddable":true,"href":"https:\/\/spnicwald.gruta.pl\/index.php?rest_route=\/wp\/v2\/users\/3"}],"replies":[{"embeddable":true,"href":"https:\/\/spnicwald.gruta.pl\/index.php?rest_route=%2Fwp%2Fv2%2Fcomments&post=924"}],"version-history":[{"count":3,"href":"https:\/\/spnicwald.gruta.pl\/index.php?rest_route=\/wp\/v2\/pages\/924\/revisions"}],"predecessor-version":[{"id":932,"href":"https:\/\/spnicwald.gruta.pl\/index.php?rest_route=\/wp\/v2\/pages\/924\/revisions\/932"}],"wp:attachment":[{"href":"https:\/\/spnicwald.gruta.pl\/index.php?rest_route=%2Fwp%2Fv2%2Fmedia&parent=924"}],"curies":[{"name":"wp","href":"https:\/\/api.w.org\/{rel}","templated":true}]}}